{"id":2278,"date":"2015-01-19T14:27:11","date_gmt":"2015-01-19T14:27:11","guid":{"rendered":"http:\/\/www.commsmultilingual.com\/?page_id=2278"},"modified":"2024-07-19T10:24:26","modified_gmt":"2024-07-19T09:24:26","slug":"uber-uns","status":"publish","type":"page","link":"https:\/\/www.commsmultilingual.com\/de\/uber-uns\/","title":{"rendered":"\u00dcber uns"},"content":{"rendered":"<div class=\"gb-container gb-container-fc352668\">\n<div class=\"gb-container gb-container-cb4d8757\">\n\n<p>Comms Multilingual wurde im Februar 2003 von Sue Orchard mit dem Ziel gegr\u00fcndet, Unternehmen und anderen Organisationen hochwertige \u00dcbersetzungen und damit verbundene Dienstleistungen zu bieten.<\/p>\n\n\n\n<p>Mittlerweile verf\u00fcgt Comms Multilingual \u00fcber ein Team von etwa 14 Mitarbeitern und ein Netzwerk von \u00fcber 2.000 \u00dcbersetzern, die mehrsprachige Fach\u00fcbersetzungen sowie die Lokalisierung und Adaption von Texten f\u00fcr Kunden in aller Welt bieten.<\/p>\n\n\n\n<p>Wir setzen auf die enge Zusammenarbeit mit unseren Kunden, um eine starke und nachhaltige Partnerschaft aufzubauen.\u00a0Unser \u00dcbersetzungsb\u00fcro unterscheidet sich von vielen anderen dadurch, dass wir f\u00fcr jeden Kunden einen speziellen Projektmanager mit der Leitung der Projekte beauftragen und wir eng mit unseren Kunden zusammenarbeiten, um mit ihrer Strategie, ihren Zielen und ihrer Arbeitsweise vertraut zu werden. Wir sind stolz auf eine sehr hohe Quote an Folgeauftr\u00e4gen. Au\u00dferdem kommen viele unserer neuen Kunden aufgrund von Empfehlungen, was nach unserer \u00dcberzeugung ein Beleg f\u00fcr die Qualit\u00e4t unserer Arbeit ist.<\/p>\n\n\n\n<h2 class=\"gb-headline gb-headline-85139062 gb-headline-text\">\u00dcber unsere Kunden  <\/h2>\n\n\n\n<p>Comms\u00a0hat eine gro\u00dfe Zahl an Kunden, zu denen unterschiedliche Organisationen in Gro\u00dfbritannien, Europa, den USA, Kanada und Australien z\u00e4hlen. <a title=\"Psychometrische Tests in der Personalauswahl, Weiterbildung und Entwicklung\" href=\"http:\/\/www.commsmultilingual.com\/case-studies\/psychometric-assessments-recruitment-training-development\/\">Psychometrie<\/a>, <a href=\"https:\/\/www.commsmultilingual.com\/de\/unsere-fachgebiete\/schulung-und-personalmanagement\/\" data-type=\"page\" data-id=\"1173\">Personalmanagement<\/a>, <a href=\"https:\/\/www.commsmultilingual.com\/de\/unsere-fachgebiete\/zertifizierungen-und-schulungen\/\" data-type=\"page\" data-id=\"1288\">professionelle Zertifizierungen<\/a>, <a href=\"https:\/\/www.commsmultilingual.com\/de\/unsere-fachgebiete\/e-learning-uebersetzung-und-lokalisierung\/\" data-type=\"page\" data-id=\"3051\">Schulung und E-Learning<\/a>, <a title=\"Marketing\" href=\"\/industries\/marketing-and-pr\">Werbung und Marketing<\/a>, <a href=\"https:\/\/www.commsmultilingual.com\/industries\/it-telecoms\/\">IT, Software und mobile Anwendungen<\/a>, <a title=\"Klinische Studien\" href=\"\/industries\/life-sciences\">Lebenswissenschaften<\/a>, <a title=\"Zertifizierungen und Schulungen\" href=\"http:\/\/www.commsmultilingual.com\/services\/specialist\/certifications-and-professional-training\/\">Berufsverb\u00e4nde<\/a> und <a title=\"Lokalisierung von Websites\" href=\"http:\/\/www.commsmultilingual.com\/services\/translation\/website-localisation\/\">Webdesign<\/a> sind nur einige der Bereiche, in denen unsere Kunden t\u00e4tig sind.<\/p>\n\n<\/div>\n<\/div><div class=\"gb-container gb-container-9a39ef11\">\n<div class=\"gb-container gb-container-2093a5fc\">\n<div class=\"gb-grid-wrapper gb-grid-wrapper-a3502a8a\">\n<div class=\"gb-grid-column gb-grid-column-6c05ee82\"><div class=\"gb-container gb-container-6c05ee82\">\n\n<figure class=\"gb-block-image gb-block-image-aecf7212\"><img decoding=\"async\" width=\"400\" height=\"400\" class=\"gb-image gb-image-aecf7212\" src=\"https:\/\/www.commsmultilingual.com\/wp-content\/uploads\/2018\/06\/Team2018-small.jpg\" alt=\"Das Team des \u00dcbersetzungsb\u00fcros Comms Multilingual\" title=\"Das Team des \u00dcbersetzungsb\u00fcros Comms Multilingual\" srcset=\"https:\/\/www.commsmultilingual.com\/wp-content\/uploads\/2018\/06\/Team2018-small.jpg 400w, https:\/\/www.commsmultilingual.com\/wp-content\/uploads\/2018\/06\/Team2018-small-150x150.jpg 150w, https:\/\/www.commsmultilingual.com\/wp-content\/uploads\/2018\/06\/Team2018-small-300x300.jpg 300w\" sizes=\"(max-width: 400px) 100vw, 400px\" \/><\/figure>\n\n<\/div><\/div>\n\n<div class=\"gb-grid-column gb-grid-column-5a5b7255\"><div class=\"gb-container gb-container-5a5b7255\">\n\n<h2 class=\"wp-block-heading\">Warum sollten Sie uns beauftragen?<\/h2>\n\n\n\n<ul class=\"wp-block-list\">\n<li>Umfassendes\u00a0Angebot an <a href=\"https:\/\/www.commsmultilingual.com\/de\/dienstleistungen\/\">Sprachl\u00f6sungen<\/a><\/li>\n\n\n\n<li>Flexible und rechtssichere Prozesse<\/li>\n\n\n\n<li><a href=\"https:\/\/www.commsmultilingual.com\/de\/die-von-uns-am-haeufigsten-uebersetzten-sprachen\/\">Gro\u00dfes Sprachenangebot<\/a><\/li>\n\n\n\n<li>Arbeit in einer Vielzahl von Formaten<\/li>\n\n\n\n<li>Zuverl\u00e4ssiger, pers\u00f6nlicher Service<\/li>\n\n\n\n<li><a href=\"https:\/\/www.commsmultilingual.com\/de\/unsere-fachgebiete\/\">Fachkompetenz<\/a><\/li>\n\n\n\n<li>Professionalit\u00e4t<\/li>\n\n\n\n<li><a href=\"https:\/\/www.commsmultilingual.com\/de\/uber-uns\/lernen-sie-unser-team-kennen\/\">Erfahrenes Projektmanagement<\/a><\/li>\n\n\n\n<li>ISO-zertifiziert<\/li>\n\n\n\n<li>Gute Zusammenarbeit<\/li>\n<\/ul>\n\n<\/div><\/div>\n<\/div>\n<\/div>\n<\/div><div class=\"gb-container gb-container-e7a2c577\">\n<div class=\"gb-container gb-container-38d842b3\">\n\n<h2 class=\"gb-headline gb-headline-f8caa2bf gb-headline-text\">\u00dcbersetzungsdienstleistungen von Comms Multilingual<\/h2>\n\n\n\n<p>Comms\u00a0Multilingual\u00a0bietet ein breites Spektrum von Dienstleistungen an. Es umfasst\u00a0<strong><a title=\"&#xDC;bersetzung\" href=\"https:\/\/www.commsmultilingual.com\/de\/dienstleistungen\/ubersetzung\/\">\u00dcbersetzung<\/a>, <a title=\"Transkreation\" href=\"https:\/\/www.commsmultilingual.com\/de\/dienstleistungen\/transkreation\/\">Transkreation<\/a>, <a title=\"Marketingmaterial\" href=\"\/industries\/marketing-and-pr\/\">Lektorat und Korrekturlesen<\/a>, <a title=\"Expertendienste zur &#xDC;berpr&#xFC;fung von &#xDC;bersetzungen\" href=\"https:\/\/www.commsmultilingual.com\/de\/dienstleistungen\/expertendienste-zur-prufung-von-ubersetzungen\/\">\u00dcberpr\u00fcfung durch Fachexperten<\/a>,\u00a0<a href=\"https:\/\/www.commsmultilingual.com\/de\/case-studies\/klinische-diagnostik\/\">Cognitive Debriefing<\/a>,\u00a0<a title=\"Satz\" href=\"http:\/\/www.commsmultilingual.com\/services\/design-and-multimedia\/typesetting\/\">Satz<\/a>,\u00a0<a title=\"Voiceovers und Untertitelung\" href=\"http:\/\/www.commsmultilingual.com\/services\/design-and-multimedia\/voice-overs-and-subtitling\/\">Voice-over<\/a>,\u00a0<a title=\"Lokalisierung von Websites\" href=\"http:\/\/www.commsmultilingual.com\/services\/translation\/website-localisation\/\">Websites<\/a><\/strong>\u00a0und\u00a0<strong><a title=\"Voice-overs und Untertitelung\" href=\"http:\/\/www.commsmultilingual.com\/services\/design-and-multimedia\/voice-overs-and-subtitling\/\">Multimedia<\/a><\/strong>\u00a0in \u00fcber 100\u00a0Sprachen. Zu den ausgefalleneren Sprachen, in die wir \u00fcbersetzen, z\u00e4hlen Wolof (die Sprache, die in Senegal am meisten verbreitet ist), Maori (Neuseeland) und Hiligaynon (Philippinen).<\/p>\n\n\n\n<p>Wir verwenden eigens von uns entwickelte Techniken, um ein hochwertiges Produkt und eine exzellente Kundenerfahrung zu bieten, und nutzen branchen\u00fcbliche Tools wie <a href=\"https:\/\/www.plunet.com\" data-type=\"link\" data-id=\"https:\/\/www.plunet.com\" target=\"_blank\" rel=\"noreferrer noopener\">Plunet<\/a> f\u00fcr das Projektmanagement und <a href=\"https:\/\/www.memoq.com\" target=\"_blank\" rel=\"noreferrer noopener\">memoQ<\/a> als unser bevorzugtes System f\u00fcr das \u00dcbersetzungsmanagement.<\/p>\n\n\n\n<p>Seit 2007 hat unsere Zentrale ihren Sitz in Epsom (gleich au\u00dferhalb von London). Unsere Abteilungen Vertrieb, Verwaltung und operatives Gesch\u00e4ft sind alle hier angesiedelt.<\/p>\n\n<\/div>\n<\/div><div class=\"gb-container gb-container-6cd9e578\">\n<div class=\"gb-container gb-container-03373478\">\n\n<h2 class=\"wp-block-heading\">\u00dcber unsere \u00dcbersetzer<\/h2>\n\n\n\n<p>Unsere \u00dcbersetzer sind alle Muttersprachler und verf\u00fcgen ausnahmslos \u00fcber umfassende Erfahrung in dem Sachgebiet, in dem sie \u00fcbersetzen. Bevor wir mit ihnen arbeiten, testen und \u00fcberpr\u00fcfen wir sie, denn f\u00fcr die Zusammenarbeit mit uns m\u00fcssen unsere mehrsprachigen \u00dcbersetzer spezifische Qualifikationskriterien erf\u00fcllen.<\/p>\n\n\n\n<p>Unsere Projektmanager sind darin geschult, f\u00fcr jedes Projekt den besten mehrsprachigen \u00dcbersetzer aus unserer Datenbank auszuw\u00e4hlen, basierend auf dem jeweiligen Sachgebiet und den F\u00e4higkeiten des \u00dcbersetzers. Daher k\u00f6nnen Sie sich auf die Qualit\u00e4t unserer und ihrer \u00dcbersetzungsarbeit verlassen.<\/p>\n\n\n\n<h2 class=\"gb-headline gb-headline-3551d6fd gb-headline-text\">Zertifizierungen und Mitgliedschaften<\/h2>\n\n\n\n<p>Comms Multilingual\u00a0ist Mitglied der Association of Translation Companies und der Association of Test Publishers. Wir sind\u00a0auch nach der <a href=\"https:\/\/www.iso.org\/standard\/59149.html\" target=\"_blank\" rel=\"noreferrer noopener\">ISO-Norm 17100:2015<\/a>, der\u00a0ISO-Norm f\u00fcr \u00dcbersetzungen, zertifiziert, was unser Engagement f\u00fcr Qualit\u00e4t unterstreicht.<\/p>\n\n\n\n<p>Wir freuen uns darauf, mit Ihnen \u00fcber Ihren ganz speziellen Bedarf zu sprechen \u2013 im Hinblick auf mehrsprachige <strong><a title=\"&#xDC;bersetzung\" href=\"http:\/\/www.commsmultilingual.com\/services\/translation\/\">\u00dcbersetzungen<\/a>, <a title=\"Satz\" href=\"http:\/\/www.commsmultilingual.com\/services\/design-and-multimedia\/typesetting\/\">Satz<\/a>, <a title=\"Voice-overs und Untertitelung\" href=\"http:\/\/www.commsmultilingual.com\/services\/design-and-multimedia\/voice-overs-and-subtitling\/\">Sprachaufzeichnungen<\/a>, <a title=\"Expertendienste zur &#xDC;berpr&#xFC;fung von &#xDC;bersetzungen\" href=\"http:\/\/www.commsmultilingual.com\/services\/specialist\/expert-services-for-translation-validation\/\">\u00dcberpr\u00fcfung durch Fachexperten<\/a>, <a title=\"Lokalisierung von Websites\" href=\"http:\/\/www.commsmultilingual.com\/services\/translation\/website-localisation\/\">Lokalisierung von Websites<\/a><\/strong> und die anderen Dienstleistungen, die wir anbieten.<\/p>\n\n\n\n<p>Die neuesten Nachrichten und Informationen finden Sie im Blog von <a href=\"https:\/\/www.commsmultilingual.com\/de\/internet-blog\/\">Comms Multilingual<\/a>\u00a0.<\/p>\n\n<\/div>\n<\/div>","protected":false},"excerpt":{"rendered":"<p>Comms Multilingual ist ein f\u00fchrendes Fach\u00fcbersetzungsb\u00fcro mit Sitz in Gro\u00dfbritannien. Unser Schwerpunkt liegt auf hochwertigen Sprachl\u00f6sungen f\u00fcr Organisationen in aller Welt.<\/p>\n","protected":false},"author":1,"featured_media":249436,"parent":0,"menu_order":0,"comment_status":"closed","ping_status":"closed","template":"","meta":{"footnotes":""},"class_list":["post-2278","page","type-page","status-publish","has-post-thumbnail"],"_links":{"self":[{"href":"https:\/\/www.commsmultilingual.com\/de\/wp-json\/wp\/v2\/pages\/2278","targetHints":{"allow":["GET"]}}],"collection":[{"href":"https:\/\/www.commsmultilingual.com\/de\/wp-json\/wp\/v2\/pages"}],"about":[{"href":"https:\/\/www.commsmultilingual.com\/de\/wp-json\/wp\/v2\/types\/page"}],"author":[{"embeddable":true,"href":"https:\/\/www.commsmultilingual.com\/de\/wp-json\/wp\/v2\/users\/1"}],"replies":[{"embeddable":true,"href":"https:\/\/www.commsmultilingual.com\/de\/wp-json\/wp\/v2\/comments?post=2278"}],"version-history":[{"count":9,"href":"https:\/\/www.commsmultilingual.com\/de\/wp-json\/wp\/v2\/pages\/2278\/revisions"}],"predecessor-version":[{"id":251662,"href":"https:\/\/www.commsmultilingual.com\/de\/wp-json\/wp\/v2\/pages\/2278\/revisions\/251662"}],"wp:featuredmedia":[{"embeddable":true,"href":"https:\/\/www.commsmultilingual.com\/de\/wp-json\/wp\/v2\/media\/249436"}],"wp:attachment":[{"href":"https:\/\/www.commsmultilingual.com\/de\/wp-json\/wp\/v2\/media?parent=2278"}],"curies":[{"name":"wp","href":"https:\/\/api.w.org\/{rel}","templated":true}]}}