{"id":250641,"date":"2024-02-16T09:32:37","date_gmt":"2024-02-16T09:32:37","guid":{"rendered":"https:\/\/www.commsmultilingual.com\/uber-uns\/lernen-sie-unser-team-kennen\/"},"modified":"2024-05-22T09:37:48","modified_gmt":"2024-05-22T08:37:48","slug":"lernen-sie-unser-team-kennen","status":"publish","type":"page","link":"https:\/\/www.commsmultilingual.com\/de\/uber-uns\/lernen-sie-unser-team-kennen\/","title":{"rendered":"Lernen Sie unser Team kennen"},"content":{"rendered":"<div class=\"gb-container gb-container-f07aa86d\">\n<div class=\"gb-grid-wrapper gb-grid-wrapper-d2fd537a\">\n<div class=\"gb-grid-column gb-grid-column-e782718f\"><div class=\"gb-container gb-container-e782718f\">\n\n<h2 class=\"gb-headline gb-headline-b188f4e8 gb-headline-text\">Sue Orchard<\/h2>\n\n\n\n<p><strong>Gesch\u00e4ftsf\u00fchrerin<\/strong><\/p>\n\n\n\n<p>Sue Orchard ist die Gesch\u00e4ftsf\u00fchrerin und Gr\u00fcnderin des Unternehmens. Sie hat langj\u00e4hrige Berufserfahrung im internationalen Vertrieb und im Marketing. Sue hat einen Abschluss in Deutsch und Russisch und gute Franz\u00f6sisch- und Spanischkenntnisse sowie Grundkenntnisse der meisten europ\u00e4ischen Sprachen.<\/p>\n\n\n\n<p>Um mit den Entwicklungen in der Branche Schritt zu halten, ist Sue Mitglied mehrerer Organisationen, einschlie\u00dflich des Chartered Institute of Linguists und der International Test Commission. Sprachen sind ihre Passion und sie genie\u00dft es, f\u00fcr Comms mit Kunden in Kontakt zu sein.<\/p>\n\n<\/div><\/div>\n\n<div class=\"gb-grid-column gb-grid-column-830e81e8\"><div class=\"gb-container gb-container-830e81e8\">\n\n<figure class=\"gb-block-image gb-block-image-0bf3593e\"><img decoding=\"async\" class=\"gb-image gb-image-0bf3593e\" src=\"https:\/\/www.commsmultilingual.com\/wp-content\/uploads\/2021\/09\/Sue.jpg\" alt=\"Comms Multilingual \u2013 \u00dcbersetzungsb\u00fcro \u2013 Gesch\u00e4ftsf\u00fchrerin \u2013 Sue Orchard\" title=\"Comms Multilingual \u2013 \u00dcbersetzungsb\u00fcro \u2013 Gesch\u00e4ftsf\u00fchrerin \u2013 Sue Orchard\"\/><\/figure>\n\n<\/div><\/div>\n<\/div>\n<\/div>\n\n<div class=\"gb-container gb-container-8bddcae9\">\n<div class=\"gb-grid-wrapper gb-grid-wrapper-53fd84c3\">\n<div class=\"gb-grid-column gb-grid-column-80fcf8ff\"><div class=\"gb-container gb-container-80fcf8ff\">\n\n<h2 class=\"gb-headline gb-headline-2f5fa77e gb-headline-text\">Sonia Sala<\/h2>\n\n\n\n<p><strong>Operative Leitung<\/strong><\/p>\n\n\n\n<p>Sonia Sala hat die operative Leitung. Sie ist daf\u00fcr zust\u00e4ndig, den reibungslosen Ablauf all unserer Projekte zu gew\u00e4hrleisten. Sonia kommt aus Spanien und hat an der Universitat Autonoma de Barcelona in Spanien einen Abschluss als \u00dcbersetzerin und Dolmetscherin f\u00fcr Englisch, Italienisch und D\u00e4nisch gemacht. Au\u00dferdem hat sie Grundkenntnisse in Portugiesisch und Deutsch.<\/p>\n\n\n\n<p>Sonia ist eine exzellente F\u00fchrungskraft und die Leitung der Projektabwicklung macht ihr gro\u00dfen Spa\u00df. Ihre Aufgabe ist es, sicherzustellen, dass alle Projekte rechtzeitig, im Rahmen des Budgets und zur Zufriedenheit unserer Kunden durchgef\u00fchrt werden!<\/p>\n\n<\/div><\/div>\n\n<div class=\"gb-grid-column gb-grid-column-32f7f630\"><div class=\"gb-container gb-container-32f7f630\">\n\n<figure class=\"gb-block-image gb-block-image-5260b665\"><img decoding=\"async\" width=\"400\" height=\"400\" class=\"gb-image gb-image-5260b665\" src=\"https:\/\/www.commsmultilingual.com\/wp-content\/uploads\/2021\/09\/Sonia.jpg\" alt=\"Comms Multilingual \u2013 \u00dcbersetzungsb\u00fcro \u2013 Operative Leitung \u2013 Sonia Sala\" title=\"Comms Multilingual \u2013 \u00dcbersetzungsb\u00fcro \u2013 Operative Leitung \u2013 Sonia Sala\" srcset=\"https:\/\/www.commsmultilingual.com\/wp-content\/uploads\/2021\/09\/Sonia.jpg 400w, https:\/\/www.commsmultilingual.com\/wp-content\/uploads\/2021\/09\/Sonia-300x300.jpg 300w, https:\/\/www.commsmultilingual.com\/wp-content\/uploads\/2021\/09\/Sonia-150x150.jpg 150w\" sizes=\"(max-width: 400px) 100vw, 400px\" \/><\/figure>\n\n<\/div><\/div>\n<\/div>\n<\/div>\n\n<div class=\"gb-container gb-container-0d9eaaa3\">\n<div class=\"gb-grid-wrapper gb-grid-wrapper-f74a61c5\">\n<div class=\"gb-grid-column gb-grid-column-b102e929\"><div class=\"gb-container gb-container-b102e929\">\n\n<h2 class=\"gb-headline gb-headline-6d01bb57 gb-headline-text\">Graham Morris<\/h2>\n\n\n\n<p><strong>Direktor<\/strong><\/p>\n\n\n\n<p>Graham Morris ist einer der Direktoren von Comms Multilingual und Mitglied der Gesch\u00e4ftsleitung. Er verf\u00fcgt \u00fcber Erfahrung in den Bereichen IT, Finanzen, Vertrieb, Support und Verwaltung.<\/p>\n\n\n\n<p>Graham ist bei Comms f\u00fcr unterschiedliche Bereiche verantwortlich, einschlie\u00dflich Gesch\u00e4ftsentwicklung, IT-Systeme und Sicherheit, Finanzen und Verwaltung. Au\u00dferdem ist er in Laufe des Jahres auf verschiedenen Konferenzen anzutreffen.<\/p>\n\n<\/div><\/div>\n\n<div class=\"gb-grid-column gb-grid-column-782af3da\"><div class=\"gb-container gb-container-782af3da\">\n\n<figure class=\"gb-block-image gb-block-image-a1f9eec5\"><img decoding=\"async\" width=\"400\" height=\"400\" class=\"gb-image gb-image-a1f9eec5\" src=\"https:\/\/www.commsmultilingual.com\/wp-content\/uploads\/2021\/09\/Graham.jpg\" alt=\"Comms Multilingual \u2013 \u00dcbersetzungsb\u00fcro \u2013 Direktor \u2013 Graham Morris\" title=\"Comms Multilingual \u2013 \u00dcbersetzungsb\u00fcro \u2013 Direktor \u2013 Graham Morris\" srcset=\"https:\/\/www.commsmultilingual.com\/wp-content\/uploads\/2021\/09\/Graham.jpg 400w, https:\/\/www.commsmultilingual.com\/wp-content\/uploads\/2021\/09\/Graham-300x300.jpg 300w, https:\/\/www.commsmultilingual.com\/wp-content\/uploads\/2021\/09\/Graham-150x150.jpg 150w\" sizes=\"(max-width: 400px) 100vw, 400px\" \/><\/figure>\n\n<\/div><\/div>\n<\/div>\n<\/div>\n\n<div class=\"gb-container gb-container-51900b71\">\n<div class=\"gb-grid-wrapper gb-grid-wrapper-edb0af48\">\n<div class=\"gb-grid-column gb-grid-column-491abb94\"><div class=\"gb-container gb-container-491abb94\">\n\n<h2 class=\"gb-headline gb-headline-791f3123 gb-headline-text\">Karolina Ndlovu<\/h2>\n\n\n\n<p><strong>Stellvertretende Gesch\u00e4ftsf\u00fchrerin, Gesch\u00e4ftsentwicklung<\/strong><\/p>\n\n\n\n<p>Karolina Cisek-Ndlovu kommt aus Polen. Sie hat an der UMCS in Polen einen Masterabschluss in Englisch und an der University of Surrey einen Masterabschluss in \u00dcbersetzung erworben.<\/p>\n\n\n\n<p>Immer neugierig auf die Welt und darauf, wie die Dinge funktionieren, interessiert sich Karolina ganz besonders f\u00fcr Naturwissenschaften, Technik und Datenverarbeitung. Darum bildeten naturwissenschaftliche und technische \u00dcbersetzungen sowie \u00dcbersetzungstechnologien auch einen Schwerpunkt ihres Studiums. Herausforderungen geht sie mit einer positiven Einstellung und Begeisterung an \u2013 es macht ihr Spa\u00df, L\u00f6sungen f\u00fcr Probleme zu finden.<\/p>\n\n<\/div><\/div>\n\n<div class=\"gb-grid-column gb-grid-column-fad4db6a\"><div class=\"gb-container gb-container-fad4db6a\">\n\n<figure class=\"gb-block-image gb-block-image-6d50a601\"><img decoding=\"async\" width=\"400\" height=\"400\" class=\"gb-image gb-image-6d50a601\" src=\"https:\/\/www.commsmultilingual.com\/wp-content\/uploads\/2021\/09\/Karolina.jpg\" alt=\"Comms Multilingual \u2013 \u00dcbersetzungsb\u00fcro \u2013 Direktorin \u2013 Karolina Ndlovu\" title=\"Comms Multilingual \u2013 \u00dcbersetzungsb\u00fcro \u2013 Direktorin \u2013 Karolina Ndlovu\" srcset=\"https:\/\/www.commsmultilingual.com\/wp-content\/uploads\/2021\/09\/Karolina.jpg 400w, https:\/\/www.commsmultilingual.com\/wp-content\/uploads\/2021\/09\/Karolina-300x300.jpg 300w, https:\/\/www.commsmultilingual.com\/wp-content\/uploads\/2021\/09\/Karolina-150x150.jpg 150w\" sizes=\"(max-width: 400px) 100vw, 400px\" \/><\/figure>\n\n<\/div><\/div>\n<\/div>\n<\/div>\n\n<div class=\"gb-container gb-container-d5ead446\">\n<div class=\"gb-grid-wrapper gb-grid-wrapper-7d6d87ac\">\n<div class=\"gb-grid-column gb-grid-column-35d56658\"><div class=\"gb-container gb-container-35d56658\">\n\n<h2 class=\"gb-headline gb-headline-dd2a2ecd gb-headline-text\">Manda Patel<\/h2>\n\n\n\n<p><strong>Verwaltungsleiterin<\/strong><\/p>\n\n\n\n<p>Mandas Muttersprache ist Gujarati. Manda verf\u00fcgt \u00fcber mehr als 20 Jahre Erfahrung in der B\u00fcroverwaltung; einen Gro\u00dfteil dieser Zeit war sie bei Comms t\u00e4tig.<\/p>\n\n\n\n<p>Sie ist f\u00fcr alle Rechnungen von Kunden und Dienstleistern zust\u00e4ndig und sorgt daf\u00fcr, dass alle unsere Dienstleister rechtzeitig bezahlt werden.<\/p>\n\n<\/div><\/div>\n\n<div class=\"gb-grid-column gb-grid-column-028b78c3\"><div class=\"gb-container gb-container-028b78c3\">\n\n<figure class=\"gb-block-image gb-block-image-4e6f5590\"><img decoding=\"async\" width=\"400\" height=\"400\" class=\"gb-image gb-image-4e6f5590\" src=\"https:\/\/www.commsmultilingual.com\/wp-content\/uploads\/2022\/02\/Manda.jpg\" alt=\"Comms Multilingual \u2013 \u00dcbersetzungsb\u00fcro \u2013 Verwaltungsleiterin \u2013 Manda Patel\" title=\"Comms Multilingual \u2013 \u00dcbersetzungsb\u00fcro \u2013 Verwaltungsleiterin \u2013 Manda Patel\" srcset=\"https:\/\/www.commsmultilingual.com\/wp-content\/uploads\/2022\/02\/Manda.jpg 400w, https:\/\/www.commsmultilingual.com\/wp-content\/uploads\/2022\/02\/Manda-300x300.jpg 300w, https:\/\/www.commsmultilingual.com\/wp-content\/uploads\/2022\/02\/Manda-150x150.jpg 150w\" sizes=\"(max-width: 400px) 100vw, 400px\" \/><\/figure>\n\n<\/div><\/div>\n<\/div>\n<\/div>\n\n<div class=\"gb-container gb-container-2457ae1b\">\n<div class=\"gb-grid-wrapper gb-grid-wrapper-2da0a6da\">\n<div class=\"gb-grid-column gb-grid-column-a6326cad\"><div class=\"gb-container gb-container-a6326cad\">\n\n<h2 class=\"gb-headline gb-headline-e0e46261 gb-headline-text\">Annalisa Di Nicola<\/h2>\n\n\n\n<p><strong>Leitende Projektmanagerin<\/strong><\/p>\n\n\n\n<p>Annalisa Di Nicola kommt aus Sizilien, wo sie die Hochschule f\u00fcr \u00dcbersetzer und Dolmetscher absolvierte. Am Imperial College in London erwarb sie einen Master in Technischer, Naturwissenschaftlicher, Audiovisueller und Medizinischer \u00dcbersetzung.<\/p>\n\n\n\n<p>Bevor sie nach Gro\u00dfbritannien kam, lebte sie f\u00fcr l\u00e4ngere Zeit in Spanien und Frankreich. Annalisa ist eine erfahrene Untertitlerin und sprachbegeistert. \u00dcbersetzen, vor allem im audiovisuellen Bereich, ist ihre gro\u00dfe Leidenschaft.<\/p>\n\n<\/div><\/div>\n\n<div class=\"gb-grid-column gb-grid-column-187c9122\"><div class=\"gb-container gb-container-187c9122\">\n\n<figure class=\"gb-block-image gb-block-image-abb2cd09\"><img decoding=\"async\" width=\"400\" height=\"400\" class=\"gb-image gb-image-abb2cd09\" src=\"https:\/\/www.commsmultilingual.com\/wp-content\/uploads\/2021\/09\/Annalisa.jpg\" alt=\"Comms Multilingual \u2013 \u00dcbersetzungsb\u00fcro \u2013 Leitende Projektmanagerin \u2013 Annalisa di Nicola\" title=\"Comms Multilingual \u2013 \u00dcbersetzungsb\u00fcro \u2013 Leitende Projektmanagerin \u2013 Annalisa di Nicola\" srcset=\"https:\/\/www.commsmultilingual.com\/wp-content\/uploads\/2021\/09\/Annalisa.jpg 400w, https:\/\/www.commsmultilingual.com\/wp-content\/uploads\/2021\/09\/Annalisa-300x300.jpg 300w, https:\/\/www.commsmultilingual.com\/wp-content\/uploads\/2021\/09\/Annalisa-150x150.jpg 150w\" sizes=\"(max-width: 400px) 100vw, 400px\" \/><\/figure>\n\n<\/div><\/div>\n<\/div>\n<\/div>\n\n<div class=\"gb-container gb-container-46d20968\">\n<div class=\"gb-grid-wrapper gb-grid-wrapper-e5036ea3\">\n<div class=\"gb-grid-column gb-grid-column-51d3bcbe\"><div class=\"gb-container gb-container-51d3bcbe\">\n\n<h2 class=\"gb-headline gb-headline-9923d4f1 gb-headline-text\">Laura Serantes<\/h2>\n\n\n\n<p><strong>Leitende Projektmanagerin<\/strong><\/p>\n\n\n\n<p>Laura ist galizische und spanische Muttersprachlerin. Sie spricht au\u00dferdem Englisch, Portugiesisch und versteht ein bisschen Koreanisch. Sie hat einen Bachelor-Abschluss in \u00dcbersetzen und Dolmetschen und einen Master-Abschluss in \u00dcbersetzen von der Universit\u00e4t in Vigo (Spanien). Sie interessiert sich sehr f\u00fcr Untertitelung und audiovisuelles \u00dcbersetzen.<\/p>\n\n\n\n<p>Nachdem sie zweimal S\u00fcdkorea besucht hat, interessiert sie sich f\u00fcr alle Aspekte der koreanischen Kultur und hofft, die Sprache richtig zu lernen.<\/p>\n\n<\/div><\/div>\n\n<div class=\"gb-grid-column gb-grid-column-b7895b60\"><div class=\"gb-container gb-container-b7895b60\">\n\n<figure class=\"gb-block-image gb-block-image-dc74aff0\"><img decoding=\"async\" width=\"400\" height=\"400\" class=\"gb-image gb-image-dc74aff0\" src=\"https:\/\/www.commsmultilingual.com\/wp-content\/uploads\/2021\/09\/Laura_S.jpg\" alt=\"Comms Multilingual \u2013 \u00dcbersetzungsb\u00fcro \u2013 Leitende Projektmanagerin \u2013 Laura Serantes\" title=\"Comms Multilingual \u2013 \u00dcbersetzungsb\u00fcro \u2013 Leitende Projektmanagerin \u2013 Laura Serantes\" srcset=\"https:\/\/www.commsmultilingual.com\/wp-content\/uploads\/2021\/09\/Laura_S.jpg 400w, https:\/\/www.commsmultilingual.com\/wp-content\/uploads\/2021\/09\/Laura_S-300x300.jpg 300w, https:\/\/www.commsmultilingual.com\/wp-content\/uploads\/2021\/09\/Laura_S-150x150.jpg 150w\" sizes=\"(max-width: 400px) 100vw, 400px\" \/><\/figure>\n\n<\/div><\/div>\n<\/div>\n<\/div>\n\n<div class=\"gb-container gb-container-f62182ff\">\n<div class=\"gb-grid-wrapper gb-grid-wrapper-8e3ef40b\">\n<div class=\"gb-grid-column gb-grid-column-f2ca63ba\"><div class=\"gb-container gb-container-f2ca63ba\">\n\n<h2 class=\"gb-headline gb-headline-73666800 gb-headline-text\">Steffie Danquigny<\/h2>\n\n\n\n<p><strong>Leitende Projektmanagerin<\/strong><\/p>\n\n\n\n<p>Steffie stammt aus Lille in Frankreich. Sie spricht flie\u00dfend Englisch und Italienisch. Au\u00dferdem spricht sie etwas Niederl\u00e4ndisch und lernt zurzeit Russisch. Sie hat einen Bachelor-Abschluss in Fremdsprachen mit Schwerpunkt Wirtschaft und hat einen Master-Abschluss in mehrsprachiger Fach\u00fcbersetzung an der Universit\u00e4t Lille erworben.<\/p>\n\n\n\n<p>Ihre Leidenschaft gilt dem Management von \u00dcbersetzungsprojekten im Bereich Psychometrie, und sie hat sogar ihre Masterarbeit \u00fcber dieses Thema geschrieben.<\/p>\n\n<\/div><\/div>\n\n<div class=\"gb-grid-column gb-grid-column-5e0f3c85\"><div class=\"gb-container gb-container-5e0f3c85\">\n\n<figure class=\"gb-block-image gb-block-image-9af58bcd\"><img decoding=\"async\" width=\"400\" height=\"400\" class=\"gb-image gb-image-9af58bcd\" src=\"https:\/\/www.commsmultilingual.com\/wp-content\/uploads\/2021\/09\/Steffie.jpg\" alt=\"Comms Multilingual \u2013 \u00dcbersetzungsb\u00fcro \u2013 Projektmanagerin \u2013 Monica Alegre\" title=\"Comms Multilingual \u2013 \u00dcbersetzungsb\u00fcro \u2013 Leitende Projektmanagerin \u2013 Steffie Danquigny\" srcset=\"https:\/\/www.commsmultilingual.com\/wp-content\/uploads\/2021\/09\/Steffie.jpg 400w, https:\/\/www.commsmultilingual.com\/wp-content\/uploads\/2021\/09\/Steffie-300x300.jpg 300w, https:\/\/www.commsmultilingual.com\/wp-content\/uploads\/2021\/09\/Steffie-150x150.jpg 150w\" sizes=\"(max-width: 400px) 100vw, 400px\" \/><\/figure>\n\n<\/div><\/div>\n<\/div>\n<\/div>\n\n<div class=\"gb-container gb-container-5a871bb3\">\n<div class=\"gb-grid-wrapper gb-grid-wrapper-da19881e\">\n<div class=\"gb-grid-column gb-grid-column-d1bc8ecd\"><div class=\"gb-container gb-container-d1bc8ecd\">\n\n<h2 class=\"gb-headline gb-headline-e372c4c9 gb-headline-text\">Monica Alegre<\/h2>\n\n\n\n<p><strong>Projektmanagerin<\/strong><\/p>\n\n\n\n<p>Monica kommt aus Valencia in Spanien und ihre Muttersprachen sind Katalanisch und Spanisch. Sie hat einen Bachelor in \u00dcbersetzen und Dolmetschen, spricht flie\u00dfend Englisch und Deutsch und hat Grundkenntnisse in Franz\u00f6sisch.<\/p>\n\n\n\n<p>Sie hat einige Jahre in Deutschland und England gelebt, und die Arbeit mit Sprachen macht ihr gro\u00dfen Spa\u00df. Psychologie ist ebenfalls eine ihrer Leidenschaften, und derzeit verbindet sie ihr Studium in diesem Bereich mit ihrer Arbeit bei Comms.<\/p>\n\n<\/div><\/div>\n\n<div class=\"gb-grid-column gb-grid-column-52e87eac\"><div class=\"gb-container gb-container-52e87eac\">\n\n<figure class=\"gb-block-image gb-block-image-4dc42f78\"><img decoding=\"async\" width=\"400\" height=\"400\" class=\"gb-image gb-image-4dc42f78\" src=\"https:\/\/www.commsmultilingual.com\/wp-content\/uploads\/2021\/09\/Monica-copy.jpg\" alt=\"Comms Multilingual \u2013 \u00dcbersetzungsb\u00fcro \u2013 Projektmanagerin \u2013 Monica Alegre\" title=\"Comms Multilingual \u2013 \u00dcbersetzungsb\u00fcro \u2013 Projektmanagerin \u2013 Monica Alegre\" srcset=\"https:\/\/www.commsmultilingual.com\/wp-content\/uploads\/2021\/09\/Monica-copy.jpg 400w, https:\/\/www.commsmultilingual.com\/wp-content\/uploads\/2021\/09\/Monica-copy-300x300.jpg 300w, https:\/\/www.commsmultilingual.com\/wp-content\/uploads\/2021\/09\/Monica-copy-150x150.jpg 150w\" sizes=\"(max-width: 400px) 100vw, 400px\" \/><\/figure>\n\n<\/div><\/div>\n<\/div>\n<\/div>\n\n<div class=\"gb-container gb-container-0d6cda1f\">\n<div class=\"gb-grid-wrapper gb-grid-wrapper-4189c3fd\">\n<div class=\"gb-grid-column gb-grid-column-f68787eb\"><div class=\"gb-container gb-container-f68787eb\">\n\n<h2 class=\"gb-headline gb-headline-245e9218 gb-headline-text\">Janice Chan<\/h2>\n\n\n\n<p><strong>Projektkoordinatorin<\/strong><\/p>\n\n\n\n<p>Janice kommt aus Hongkong und ist mit Kantonesisch und Englisch zweisprachig aufgewachsen,  Au\u00dferdem spricht sie flie\u00dfend Mandarin und hat Grundkenntnisse in Franz\u00f6sisch und Koreanisch. Sie hat ihr Anglistik-Studium an der Polytechnischen Universit\u00e4t Hongkong mit dem Bachelor abgeschlossen und gerade einen Master-Abschluss in Forensischer Linguistik an der Universit\u00e4t Cardiff erworben.<\/p>\n\n\n\n<p>Sprachen zu lernen und zu unterrichten, macht ihr gro\u00dfen Spa\u00df, und sie hat bereits Erfahrung als Lehrkraft f\u00fcr Englisch als Zweitsprache. Au\u00dferdem hat Janice bei ihrer Arbeit f\u00fcr Big Tech in Hongkong Erfahrungen in der Qualit\u00e4tssicherung bei der Software-Lokalisierung gesammelt. Ihre Leidenschaft gilt der Soziolinguistik. Besonders interessiert sie sich f\u00fcr Akzente und Sprachvariationen.<\/p>\n\n<\/div><\/div>\n\n<div class=\"gb-grid-column gb-grid-column-42a4dc65\"><div class=\"gb-container gb-container-42a4dc65\">\n\n<figure class=\"gb-block-image gb-block-image-534dc04c\"><img decoding=\"async\" width=\"400\" height=\"400\" class=\"gb-image gb-image-534dc04c\" src=\"https:\/\/www.commsmultilingual.com\/wp-content\/uploads\/2023\/04\/Janice-Chan.jpg\" alt=\"Comms Multilingual \u2013 \u00dcbersetzungsb\u00fcro \u2013 Projektkoordinatorin \u2013 Janice Chan\" title=\"Comms Multilingual \u2013 \u00dcbersetzungsb\u00fcro \u2013 Projektkoordinatorin \u2013 Janice Chan\" srcset=\"https:\/\/www.commsmultilingual.com\/wp-content\/uploads\/2023\/04\/Janice-Chan.jpg 400w, https:\/\/www.commsmultilingual.com\/wp-content\/uploads\/2023\/04\/Janice-Chan-300x300.jpg 300w, https:\/\/www.commsmultilingual.com\/wp-content\/uploads\/2023\/04\/Janice-Chan-150x150.jpg 150w\" sizes=\"(max-width: 400px) 100vw, 400px\" \/><\/figure>\n\n<\/div><\/div>\n<\/div>\n<\/div>\n\n<div class=\"gb-container gb-container-98e24c20\">\n<div class=\"gb-grid-wrapper gb-grid-wrapper-76584305\">\n<div class=\"gb-grid-column gb-grid-column-c28df107\"><div class=\"gb-container gb-container-c28df107\">\n\n<h2 class=\"gb-headline gb-headline-983d3005 gb-headline-text\">Ilenya Proto<\/h2>\n\n\n\n<p><strong>Projektkoordinatorin<\/strong><\/p>\n\n\n\n<p>Ilenya stammt aus Italien und ist italienische Muttersprachlerin. Sie spricht flie\u00dfend Englisch und Spanisch und hat Grundkenntnisse in Franz\u00f6sisch, Japanisch und der italienischen Geb\u00e4rdensprache (LIS). Sie hat einen Bachelorabschluss in sprachlicher und kultureller Vermittlung und vor Kurzem an der Universit\u00e4t Manchester einen Masterabschluss in \u00dcbersetzen und Dolmetschen gemacht.<\/p>\n\n\n\n<p>Die Arbeit mit Sprachen macht Ilenya gro\u00dfen Spa\u00df, und sie begeistert sich f\u00fcr kreative und audiovisuelle \u00dcbersetzungen, was auch das Thema ihrer Masterarbeit war. Sie liebt es zu reisen und hat in Spanien gelebt, wo sie als Italienisch- und Englischlehrerin gearbeitet hat.<\/p>\n\n<\/div><\/div>\n\n<div class=\"gb-grid-column gb-grid-column-40cc9f72\"><div class=\"gb-container gb-container-40cc9f72\">\n\n<figure class=\"gb-block-image gb-block-image-bb94d40a\"><img decoding=\"async\" width=\"400\" height=\"400\" class=\"gb-image gb-image-bb94d40a\" src=\"https:\/\/www.commsmultilingual.com\/wp-content\/uploads\/2024\/02\/Ilenya.jpg\" alt=\"\" title=\"Ilenya\" srcset=\"https:\/\/www.commsmultilingual.com\/wp-content\/uploads\/2024\/02\/Ilenya.jpg 400w, https:\/\/www.commsmultilingual.com\/wp-content\/uploads\/2024\/02\/Ilenya-300x300.jpg 300w, https:\/\/www.commsmultilingual.com\/wp-content\/uploads\/2024\/02\/Ilenya-150x150.jpg 150w\" sizes=\"(max-width: 400px) 100vw, 400px\" \/><\/figure>\n\n<\/div><\/div>\n<\/div>\n<\/div>\n\n<div class=\"gb-container gb-container-a5c45080\">\n<div class=\"gb-grid-wrapper gb-grid-wrapper-1030c259\">\n<div class=\"gb-grid-column gb-grid-column-1c2afb9e\"><div class=\"gb-container gb-container-1c2afb9e\">\n\n<h2 class=\"gb-headline gb-headline-3a7cd229 gb-headline-text\">Leonardo Bruzzone<\/h2>\n\n\n\n<p><strong>Projektkoordinator<\/strong><\/p>\n\n\n\n<p>Leonardo wurde in Italien geboren und hat ein Jahrzehnt in Saudi-Arabien verbracht, wo er auch seinen Schulabschluss machte. Er spricht flie\u00dfend Englisch, Italienisch und Franz\u00f6sisch und hat dar\u00fcber hinaus Grundkenntnisse in Arabisch und Mandarin. Er hat einen Masterabschluss in \u00dcbersetzen von der Universit\u00e4t Lancaster und ist \u201eCertified Associate in Project Management\u201c.<\/p>\n\n\n\n<p>Als erfahrener Reisender liebt Leonardo die intensive Besch\u00e4ftigung mit fremden Sprachen und Kulturen. Er hat bereits Erfahrung mit audiovisuellen und multimedialen \u00dcbersetzungen und au\u00dferdem ein besonderes Faible f\u00fcr Content Creation.<\/p>\n\n<\/div><\/div>\n\n<div class=\"gb-grid-column gb-grid-column-01abe61f\"><div class=\"gb-container gb-container-01abe61f\">\n\n<figure class=\"gb-block-image gb-block-image-3a1fba1d\"><img decoding=\"async\" width=\"400\" height=\"400\" class=\"gb-image gb-image-3a1fba1d\" src=\"https:\/\/www.commsmultilingual.com\/wp-content\/uploads\/2024\/02\/Leonardo.jpg\" alt=\"\" title=\"Leonardo\" srcset=\"https:\/\/www.commsmultilingual.com\/wp-content\/uploads\/2024\/02\/Leonardo.jpg 400w, https:\/\/www.commsmultilingual.com\/wp-content\/uploads\/2024\/02\/Leonardo-300x300.jpg 300w, https:\/\/www.commsmultilingual.com\/wp-content\/uploads\/2024\/02\/Leonardo-150x150.jpg 150w\" sizes=\"(max-width: 400px) 100vw, 400px\" \/><\/figure>\n\n<\/div><\/div>\n<\/div>\n<\/div>","protected":false},"excerpt":{"rendered":"<p>Sie begeistern sich nicht nur f\u00fcr das \u00dcbersetzen und die vielen anderen Themen, die damit verbunden sind, sondern sie machen das Unternehmen erst zu dem, was es ist \u2013 die Mitarbeiterinnen und Mitarbeiter von Comms. <\/p>\n<p>Wir sind stolz auf unseren Teamgeist, unsere Arbeitsmoral, unsere Qualit\u00e4tsorientierung und unsere Leidenschaft f\u00fcr das, was wir tun.<\/p>\n","protected":false},"author":1,"featured_media":246971,"parent":2278,"menu_order":0,"comment_status":"closed","ping_status":"closed","template":"","meta":{"footnotes":""},"class_list":["post-250641","page","type-page","status-publish","has-post-thumbnail"],"_links":{"self":[{"href":"https:\/\/www.commsmultilingual.com\/de\/wp-json\/wp\/v2\/pages\/250641","targetHints":{"allow":["GET"]}}],"collection":[{"href":"https:\/\/www.commsmultilingual.com\/de\/wp-json\/wp\/v2\/pages"}],"about":[{"href":"https:\/\/www.commsmultilingual.com\/de\/wp-json\/wp\/v2\/types\/page"}],"author":[{"embeddable":true,"href":"https:\/\/www.commsmultilingual.com\/de\/wp-json\/wp\/v2\/users\/1"}],"replies":[{"embeddable":true,"href":"https:\/\/www.commsmultilingual.com\/de\/wp-json\/wp\/v2\/comments?post=250641"}],"version-history":[{"count":5,"href":"https:\/\/www.commsmultilingual.com\/de\/wp-json\/wp\/v2\/pages\/250641\/revisions"}],"predecessor-version":[{"id":251153,"href":"https:\/\/www.commsmultilingual.com\/de\/wp-json\/wp\/v2\/pages\/250641\/revisions\/251153"}],"up":[{"embeddable":true,"href":"https:\/\/www.commsmultilingual.com\/de\/wp-json\/wp\/v2\/pages\/2278"}],"wp:featuredmedia":[{"embeddable":true,"href":"https:\/\/www.commsmultilingual.com\/de\/wp-json\/wp\/v2\/media\/246971"}],"wp:attachment":[{"href":"https:\/\/www.commsmultilingual.com\/de\/wp-json\/wp\/v2\/media?parent=250641"}],"curies":[{"name":"wp","href":"https:\/\/api.w.org\/{rel}","templated":true}]}}