{"id":49340,"date":"2020-06-16T22:24:40","date_gmt":"2020-06-16T21:24:40","guid":{"rendered":"https:\/\/commsmultimedia.com\/idiomas\/"},"modified":"2024-05-22T09:31:47","modified_gmt":"2024-05-22T08:31:47","slug":"idiomas","status":"publish","type":"page","link":"https:\/\/www.commsmultilingual.com\/es\/idiomas\/","title":{"rendered":"Principales idiomas traducidos"},"content":{"rendered":"\n<p>Nuestros ling\u00fcistas est\u00e1n especializados en campos espec\u00edficos y nuestro equipo de gestores de proyectos los elige para cada trabajo en funci\u00f3n de su experiencia y grado de especializaci\u00f3n en la materia del texto a traducir.<\/p>\n\n<p>A continuaci\u00f3n encontrar\u00e1 algunos de los idiomas con los que lidiamos con frecuencia, ordenados seg\u00fan el n\u00famero estimado de hablantes nativos que tienen en todo el mundo:<\/p>\n\n<figure class=\"wp-block-table\"><table><tbody><tr><td><strong>Idioma<\/strong><\/td><td><strong>Principales regiones<\/strong><\/td><\/tr><tr><td>Chino<\/td><td>China, Camboya, Hong Kong, Singapur, Indonesia, Malasia, Filipinas y Taiw\u00e1n<\/td><\/tr><tr><td>Ingl\u00e9s<\/td><td>Numerosos pa\u00edses de todo el mundo<\/td><\/tr><tr><td>Espa\u00f1ol<\/td><td>Muchos pa\u00edses de Am\u00e9rica del Sur, adem\u00e1s de EE.UU., Espa\u00f1a y \u00c1frica del Norte<\/td><\/tr><tr><td>\u00c1rabe<\/td><td>Todo Oriente Medio y \u00c1frica del Norte<\/td><\/tr><tr><td>Bengal\u00ed<\/td><td>Bangladesh, India y Singapur<\/td><\/tr><tr><td>Hindi<\/td><td>India, Nepal y Singapur<\/td><\/tr><tr><td>Ruso<\/td><td>Numerosos pa\u00edses de Europa del Este<\/td><\/tr><tr><td>Portugu\u00e9s<\/td><td>Brasil, Guinea Bissau, Mozambique y Portugal<\/td><\/tr><tr><td>Japon\u00e9s<\/td><td>Jap\u00f3n, Singapur y Taiw\u00e1n<\/td><\/tr><tr><td>Alem\u00e1n<\/td><td>Austria, Alemania y Suiza, principalmente<\/td><\/tr><tr><td>Coreano<\/td><td>Pa\u00edses de Asia oriental, como China, Jap\u00f3n, Corea del Norte, Corea del Sur, Singapur y Tailandia<\/td><\/tr><tr><td>Franc\u00e9s<\/td><td>Por ejemplo, B\u00e9lgica, Canad\u00e1, Francia, Suiza y algunos pa\u00edses africanos<\/td><\/tr><tr><td>Turco<\/td><td>Bulgaria, Chipre, Macedonia, Ruman\u00eda y Turqu\u00eda<\/td><\/tr><\/tbody><\/table><\/figure>\n\n<h2 class=\"wp-block-heading\">Autoedici\u00f3n (DTP) en idiomas extranjeros<\/h2>\n\n<p>Adem\u00e1s, contamos con un equipo de t\u00e9cnicos en <a href=\"https:\/\/www.commsmultilingual.com\/es\/servicios\/autoedicion-dtp-y-composicion-tipografica-multilingues\/\" data-type=\"page\" data-id=\"1036\">autoedici\u00f3n (DTP) multiling\u00fce<\/a> altamente cualificados que prestan servicios de dise\u00f1o y composici\u00f3n tipogr\u00e1fica en varios idiomas, incluidos aquellos que utilizan alfabetos complejos como el hindi, el \u00e1rabe y el japon\u00e9s. De ese modo tendr\u00e1 la seguridad de que sus materiales listos para imprimir en ingl\u00e9s se le devuelven totalmente listos para usar e imprimir.<\/p>\n\n<p><\/p>\n","protected":false},"excerpt":{"rendered":"<p>Comms Multilingual trabaja desde hace a\u00f1os en m\u00e1s de 100 idiomas diferentes. Nuestra base de datos de proveedores cuenta con m\u00e1s de 2000 profesionales que han superado nuestras pruebas y nuestro estricto proceso de selecci\u00f3n y control de calidad.<\/p>\n","protected":false},"author":1,"featured_media":246999,"parent":0,"menu_order":0,"comment_status":"closed","ping_status":"closed","template":"","meta":{"footnotes":""},"class_list":["post-49340","page","type-page","status-publish","has-post-thumbnail"],"_links":{"self":[{"href":"https:\/\/www.commsmultilingual.com\/es\/wp-json\/wp\/v2\/pages\/49340","targetHints":{"allow":["GET"]}}],"collection":[{"href":"https:\/\/www.commsmultilingual.com\/es\/wp-json\/wp\/v2\/pages"}],"about":[{"href":"https:\/\/www.commsmultilingual.com\/es\/wp-json\/wp\/v2\/types\/page"}],"author":[{"embeddable":true,"href":"https:\/\/www.commsmultilingual.com\/es\/wp-json\/wp\/v2\/users\/1"}],"replies":[{"embeddable":true,"href":"https:\/\/www.commsmultilingual.com\/es\/wp-json\/wp\/v2\/comments?post=49340"}],"version-history":[{"count":4,"href":"https:\/\/www.commsmultilingual.com\/es\/wp-json\/wp\/v2\/pages\/49340\/revisions"}],"predecessor-version":[{"id":251148,"href":"https:\/\/www.commsmultilingual.com\/es\/wp-json\/wp\/v2\/pages\/49340\/revisions\/251148"}],"wp:featuredmedia":[{"embeddable":true,"href":"https:\/\/www.commsmultilingual.com\/es\/wp-json\/wp\/v2\/media\/246999"}],"wp:attachment":[{"href":"https:\/\/www.commsmultilingual.com\/es\/wp-json\/wp\/v2\/media?parent=49340"}],"curies":[{"name":"wp","href":"https:\/\/api.w.org\/{rel}","templated":true}]}}