{"id":49347,"date":"2020-06-16T22:27:46","date_gmt":"2020-06-16T21:27:46","guid":{"rendered":"https:\/\/commsmultimedia.com\/linguistas-y-otros-proveedores\/"},"modified":"2023-08-25T14:37:51","modified_gmt":"2023-08-25T13:37:51","slug":"linguistas-y-otros-proveedores","status":"publish","type":"page","link":"https:\/\/www.commsmultilingual.com\/es\/linguistas-y-otros-proveedores\/","title":{"rendered":"Ling\u00fcistas y otros proveedores"},"content":{"rendered":"\n<p><\/p>\n\n\n\n<ul class=\"wp-block-list\">\n<li>Psicometr\u00eda<\/li>\n\n\n\n<li>Psicolog\u00eda<\/li>\n\n\n\n<li>Medicina<\/li>\n\n\n\n<li>Comercio\/Negocios<\/li>\n\n\n\n<li>Educaci\u00f3n<\/li>\n\n\n\n<li>Recursos humanos<\/li>\n\n\n\n<li>Inform\u00e1tica<\/li>\n\n\n\n<li>Ingenier\u00eda<\/li>\n<\/ul>\n\n\n\n<p>Si el(la) solicitante no recibe ning\u00fan mensaje de Comms en un plazo de dos meses, esto significa que no vamos a procesar su solicitud en este momento. Sin embargo, puede volver a realizarla en el futuro, ya que nuestras necesidades pueden cambiar.<\/p>\n\n\n\n<p>Lea nuestros requisitos m\u00ednimos y, si cumple con todos ellos, revisaremos su solicitud inicial y nos pondremos en contacto con usted si estamos interesados en incorporarle a nuestro equipo de proveedores.<\/p>\n\n\n\n<h3 class=\"wp-block-heading\">Requisitos para traductores aut\u00f3nomos<\/h3>\n\n\n\n<ul class=\"wp-block-list\">\n<li>Titulaci\u00f3n acad\u00e9mica en Traducci\u00f3n o Interpretaci\u00f3n (grado, t\u00edtulo reconocido o m\u00e1ster)<\/li>\n\n\n\n<li>Experiencia laboral en un campo de especializaci\u00f3n (p. ej. psicolog\u00eda, educaci\u00f3n, inform\u00e1tica, marketing, comercio, derecho, finanzas, telecomunicaciones, etc.)<\/li>\n\n\n\n<li>Un m\u00ednimo de tres (preferiblemente cinco) a\u00f1os de experiencia documentada como traductor(a) profesional<\/li>\n\n\n\n<li>Traducci\u00f3n \u00fanicamente a la(s) lengua(s) materna(s)<\/li>\n\n\n\n<li>Pruebas de que sigue un programa de desarrollo profesional continuo<\/li>\n\n\n\n<li>Equipos necesarios: ordenador, impresora, correo electr\u00f3nico, banda ancha, etc.<\/li>\n\n\n\n<li>Un m\u00ednimo de dos referencias profesionales<\/li>\n\n\n\n<li>Superar una prueba de traducci\u00f3n corta proporcionada por Comms<\/li>\n\n\n\n<li>Aceptaci\u00f3n de nuestro acuerdo de confidencialidad y de nuestros t\u00e9rminos y condiciones<\/li>\n\n\n\n<li>Disponibilidad completa en l\u00ednea (correo electr\u00f3nico, Skype y tel\u00e9fono).<\/li>\n<\/ul>\n\n\n\n<p>Los elementos que aparecen a continuaci\u00f3n se van a valorar como un plus en el proceso de selecci\u00f3n:<\/p>\n\n\n\n<ul class=\"wp-block-list\">\n<li>Acreditaci\u00f3n o afiliaci\u00f3n a una asociaci\u00f3n de traductores profesionales (p. ej. ITI, IOL, ATA, etc.)<\/li>\n\n\n\n<li>Uso y conocimientos de herramientas TAO<\/li>\n\n\n\n<li>Autocertificaci\u00f3n ISO<\/li>\n<\/ul>\n\n\n\n<p>Aunque solemos trabajar con traductores aut\u00f3nomos, tambi\u00e9n aceptamos solicitudes de agencias de traducci\u00f3n. Al enviar la solicitud, incluya \u00fanicamente una de sus combinaciones ling\u00fc\u00edsticas. Podr\u00e1 detallar sus otros idiomas m\u00e1s adelante si su solicitud se acepta.<\/p>\n\n\n\n<p><a href=\"https:\/\/www.commsmultilingual.com\/careers\/providers\/translation\/\">\u00a1Env\u00ede su solicitud ahora!<\/a><\/p>\n","protected":false},"excerpt":{"rendered":"<p>Solo estamos procesando solicitudes de proveedores que trabajen principalmente en las \u00e1reas\/campos enumerados a continuaci\u00f3n y que necesitemos para nuestros proyectos.<\/p>\n","protected":false},"author":1,"featured_media":247504,"parent":0,"menu_order":0,"comment_status":"closed","ping_status":"closed","template":"","meta":{"footnotes":""},"class_list":["post-49347","page","type-page","status-publish","has-post-thumbnail"],"_links":{"self":[{"href":"https:\/\/www.commsmultilingual.com\/es\/wp-json\/wp\/v2\/pages\/49347","targetHints":{"allow":["GET"]}}],"collection":[{"href":"https:\/\/www.commsmultilingual.com\/es\/wp-json\/wp\/v2\/pages"}],"about":[{"href":"https:\/\/www.commsmultilingual.com\/es\/wp-json\/wp\/v2\/types\/page"}],"author":[{"embeddable":true,"href":"https:\/\/www.commsmultilingual.com\/es\/wp-json\/wp\/v2\/users\/1"}],"replies":[{"embeddable":true,"href":"https:\/\/www.commsmultilingual.com\/es\/wp-json\/wp\/v2\/comments?post=49347"}],"version-history":[{"count":5,"href":"https:\/\/www.commsmultilingual.com\/es\/wp-json\/wp\/v2\/pages\/49347\/revisions"}],"predecessor-version":[{"id":249950,"href":"https:\/\/www.commsmultilingual.com\/es\/wp-json\/wp\/v2\/pages\/49347\/revisions\/249950"}],"wp:featuredmedia":[{"embeddable":true,"href":"https:\/\/www.commsmultilingual.com\/es\/wp-json\/wp\/v2\/media\/247504"}],"wp:attachment":[{"href":"https:\/\/www.commsmultilingual.com\/es\/wp-json\/wp\/v2\/media?parent=49347"}],"curies":[{"name":"wp","href":"https:\/\/api.w.org\/{rel}","templated":true}]}}