{"id":3939,"date":"2019-08-14T09:12:39","date_gmt":"2019-08-14T09:12:39","guid":{"rendered":"http:\/\/www.commsmultilingual.com\/?page_id=3939"},"modified":"2025-10-29T16:20:59","modified_gmt":"2025-10-29T16:20:59","slug":"a-propos-de-comms","status":"publish","type":"page","link":"https:\/\/www.commsmultilingual.com\/fr\/a-propos-de-comms\/","title":{"rendered":"\u00c0 propos de Comms"},"content":{"rendered":"<div class=\"gb-container gb-container-fc352668\">\n<div class=\"gb-container gb-container-cb4d8757\">\n\n<p>Comms Multilingual a \u00e9t\u00e9 fond\u00e9e en f\u00e9vrier 2003 par Sue Orchard dans le but de fournir des services de traduction et des prestations associ\u00e9es de haute qualit\u00e9 aux entreprises et autres organisations.<\/p>\n\n\n\n<p>Aujourd&rsquo;hui, Comms\u00a0Multilingual compte 14\u00a0collaborateurs et un r\u00e9seau de plus de 2\u00a0000\u00a0traducteurs qui fournissent des services de traduction sp\u00e9cialis\u00e9e multilingue, ainsi que de localisation et d&rsquo;adaptation de documents pour des clients du monde entier.<\/p>\n\n\n\n<p>Nous misons sur une \u00e9troite collaboration avec nos clients pour d\u00e9velopper un partenariat solide et durable.\u00a0Notre agence se distingue \u00e0 bien des \u00e9gards dans le fait que nous affectons un chef de projet d\u00e9di\u00e9 \u00e0 la gestion des projets de chaque client. Nous travaillons ensuite avec eux pour conna\u00eetre leur strat\u00e9gie, leurs ambitions et la mani\u00e8re dont ils travaillent. Les taux de satisfaction \u00e9lev\u00e9s de nos clients font toute notre fiert\u00e9. Nos nouveaux contrats proviennent d\u2019ailleurs pour une grande part de leurs recommandations, ce qui est un gage inestimable de la confiance qu\u2019ils t\u00e9moignent envers notre m\u00e9thode.<\/p>\n\n\n\n<h2 class=\"gb-headline gb-headline-85139062 gb-headline-text\">\u00c0 propos de nos clients  <\/h2><br>\n\n\n\n<p>Comms\u00a0a une client\u00e8le solide venant d&rsquo;organisations tr\u00e8s vari\u00e9es au Royaume-Uni, en Europe, aux \u00c9tats-Unis, au Canada et en Australie. <a title=\"&#xC9;valuations psychom&#xE9;triques relatives au recrutement, &#xE0; la formation et au d&#xE9;veloppement\" href=\"http:\/\/www.commsmultilingual.com\/case-studies\/psychometric-assessments-recruitment-training-development\/\">Psychom\u00e9trie<\/a>, <a href=\"https:\/\/www.commsmultilingual.com\/fr\/secteurs\/formation-rh\/\" data-type=\"page\" data-id=\"1173\">Ressources humaines<\/a>, <a href=\"https:\/\/www.commsmultilingual.com\/fr\/secteurs\/certifications-et-formations-professionnelles\/\" data-type=\"page\" data-id=\"1288\">Certifications professionnelles<\/a>, <a href=\"https:\/\/www.commsmultilingual.com\/fr\/?page_id=3972\" data-type=\"page\" data-id=\"3051\">Formation et apprentissage en ligne<\/a>, <a title=\"Marketing\" href=\"\/industries\/marketing-and-pr\">Publicit\u00e9 et marketing<\/a>, <a href=\"https:\/\/www.commsmultilingual.com\/industries\/it-telecoms\/\">Informatique, logiciels et applications mobiles<\/a>, <a title=\"Essais cliniques\" href=\"\/industries\/life-sciences\">Sciences du vivant<\/a>, <a title=\"Certifications et formations professionnelles\" href=\"http:\/\/www.commsmultilingual.com\/services\/specialist\/certifications-and-professional-training\/\">Associations professionnelles<\/a> et <a title=\"Localisation de sites Web\" href=\"http:\/\/www.commsmultilingual.com\/services\/translation\/website-localisation\/\">Web Design<\/a>\u00a0: voici quelques-uns des secteurs d&rsquo;activit\u00e9 de nos clients.<\/p>\n\n<\/div>\n<\/div><div class=\"gb-container gb-container-9a39ef11\">\n<div class=\"gb-container gb-container-2093a5fc\">\n<div class=\"gb-grid-wrapper gb-grid-wrapper-a3502a8a\">\n<div class=\"gb-grid-column gb-grid-column-6c05ee82\"><div class=\"gb-container gb-container-6c05ee82\">\n\n<figure class=\"gb-block-image gb-block-image-aecf7212\"><img decoding=\"async\" width=\"400\" height=\"400\" class=\"gb-image gb-image-aecf7212\" src=\"https:\/\/www.commsmultilingual.com\/wp-content\/uploads\/2018\/06\/Team2018-small.jpg\" alt=\"\u00c9quipe de l'agence de traduction Comms\u00a0Multilingual\" title=\"\u00c9quipe de l'agence de traduction Comms\u00a0Multilingual\" srcset=\"https:\/\/www.commsmultilingual.com\/wp-content\/uploads\/2018\/06\/Team2018-small.jpg 400w, https:\/\/www.commsmultilingual.com\/wp-content\/uploads\/2018\/06\/Team2018-small-150x150.jpg 150w, https:\/\/www.commsmultilingual.com\/wp-content\/uploads\/2018\/06\/Team2018-small-300x300.jpg 300w\" sizes=\"(max-width: 400px) 100vw, 400px\" \/><\/figure><br>\n\n<\/div><\/div>\n\n<div class=\"gb-grid-column gb-grid-column-5a5b7255\"><div class=\"gb-container gb-container-5a5b7255\">\n\n<h2 class=\"wp-block-heading\">Pourquoi nous faire confiance\u00a0?<\/h2>\n\n\n\n<ul class=\"wp-block-list\">\n<li>Offre compl\u00e8te\u00a0de <a href=\"https:\/\/www.commsmultilingual.com\/fr\/services\/\">solutions linguistiques<\/a><\/li>\n\n\n\n<li>Processus flexibles et fiables<\/li>\n\n\n\n<li><a href=\"https:\/\/www.commsmultilingual.com\/languages\/\">Grand nombre de langues<\/a><\/li>\n\n\n\n<li>Grande vari\u00e9t\u00e9 de formats<\/li>\n\n\n\n<li>Service fiable et personnalis\u00e9<\/li>\n\n\n\n<li><a href=\"https:\/\/www.commsmultilingual.com\/fr\/secteurs\/\">Expertise sectorielle<\/a><\/li>\n\n\n\n<li>Professionnalisme<\/li>\n\n\n\n<li><a href=\"https:\/\/www.commsmultilingual.com\/fr\/a-propos-de-comms\/notre-equipe\/\">Expertise en gestion de projets<\/a><\/li>\n\n\n\n<li>Certification ISO<\/li>\n\n\n\n<li>Qualit\u00e9 de la relation client<\/li>\n<\/ul>\n\n<\/div><\/div>\n<\/div>\n<\/div>\n<\/div><div class=\"gb-container gb-container-e7a2c577\">\n<div class=\"gb-container gb-container-38d842b3\">\n\n<h2 class=\"gb-headline gb-headline-f8caa2bf gb-headline-text\">Services de traduction de Comms\u00a0Multilingual<\/h2><br>\n\n\n\n<p>Comms\u00a0Multilingual\u00a0propose un large choix de services incluant\u00a0<strong><a title=\"Traduction\" href=\"https:\/\/www.commsmultilingual.com\/fr\/services\/translation\/\">la traduction<\/a>, <a title=\"Transcr&#xE9;ation\" href=\"https:\/\/www.commsmultilingual.com\/fr\/services\/transcreation\/\">la transcr\u00e9ation<\/a>, <a title=\"Supports marketing\" href=\"\/industries\/marketing-and-pr\/\">l&rsquo;\u00e9dition et la relecture<\/a>, <a title=\"Services d'experts pour la validation de traductions\" href=\"https:\/\/www.commsmultilingual.com\/fr\/services\/validation-linguistique\/\">la r\u00e9vision par un expert<\/a>,\u00a0<a href=\"https:\/\/www.commsmultilingual.com\/case-studies\/clinical-assessments\/\">le d\u00e9briefing cognitif<\/a>,\u00a0<a title=\"Composition\" href=\"http:\/\/www.commsmultilingual.com\/services\/design-and-multimedia\/typesetting\/\">la publication assist\u00e9e par ordinateur<\/a>,\u00a0<a title=\"Voix-off et sous-titrage\" href=\"http:\/\/www.commsmultilingual.com\/services\/design-and-multimedia\/voice-overs-and-subtitling\/\">le doublage<\/a>, ainsi que\u00a0<a title=\"Localisation de sites Web\" href=\"http:\/\/www.commsmultilingual.com\/services\/translation\/website-localisation\/\">la localisation de sites Internet<\/a><\/strong>\u00a0et de\u00a0<strong><a title=\"Voix-off et sous-titrage\" href=\"http:\/\/www.commsmultilingual.com\/services\/design-and-multimedia\/voice-overs-and-subtitling\/\">contenus multim\u00e9dia<\/a><\/strong>\u00a0dans plus de 100\u00a0langues. Comms\u00a0Multilingual propose aussi des traductions dans des langues rares comme le wolof (langue la plus r\u00e9pandue au S\u00e9n\u00e9gal), le maori (Nouvelle-Z\u00e9lande) et l&rsquo;hiliga\u00efnon (Philippines).<\/p>\n\n\n\n<p>Nous utilisons des techniques que nous avons nous-m\u00eames d\u00e9velopp\u00e9es, afin de proposer un produit de grande qualit\u00e9 et une excellente exp\u00e9rience client et nous recourons \u00e0 des outils standard comme <a href=\"https:\/\/www.plunet.com\" data-type=\"link\" data-id=\"https:\/\/www.plunet.com\" target=\"_blank\" rel=\"noreferrer noopener\">Plunet<\/a> pour la gestion de projets et <a href=\"https:\/\/www.memoq.com\" target=\"_blank\" rel=\"noreferrer noopener\">memoQ<\/a> comme syst\u00e8me de gestion de projet de traduction (TMS, pour Translation Management System) principal.<\/p>\n\n\n\n<p>Depuis 2007, notre si\u00e8ge social est situ\u00e9 \u00e0 Epsom au Royaume-Uni, dans la banlieue proche de Londres. Tous nos services commerciaux, administratifs et op\u00e9rationnels y sont regroup\u00e9s.<\/p>\n\n<\/div>\n<\/div><div class=\"gb-container gb-container-6cd9e578\">\n<div class=\"gb-container gb-container-03373478\">\n\n<h2 class=\"wp-block-heading\">\u00c0 propos de nos traducteurs<\/h2>\n\n\n\n<p>Tous nos linguistes sont des locuteurs natifs poss\u00e9dant une exp\u00e9rience \u00e9tendue du domaine qu\u2019ils traduisent. Nous les testons et les \u00e9valuons syst\u00e9matiquement avant d&rsquo;entamer une collaboration professionnelle et demandons qu&rsquo;ils remplissent des crit\u00e8res de qualification sp\u00e9cifiques.<\/p>\n\n\n\n<p>Nos chefs de projet sont form\u00e9s \u00e0 la s\u00e9lection des meilleurs traducteurs pour chaque projet \u00e0 partir de notre base de donn\u00e9es, en fonction du domaine concern\u00e9 et des comp\u00e9tences du traducteur. Vous pouvez, d\u00e8s lors, avoir toute confiance dans la qualit\u00e9 de nos traductions et des leurs.<\/p>\n\n\n\n<h2 class=\"gb-headline gb-headline-3551d6fd gb-headline-text\">Accr\u00e9ditations et associations professionnelles<\/h2><br>\n\n\n\n<p>Comms\u00a0Multilingual\u00a0est membre de l\u2019Association des entreprises de traduction (Association of Translation Companies, ATC) et de l\u2019Association des \u00e9diteurs de tests (Association of Test Publishers, ATP). Nous sommes\u00a0\u00e9galement certifi\u00e9s conformes \u00e0 la norme <a href=\"https:\/\/www.iso.org\/standard\/59149.html\" target=\"_blank\" rel=\"noreferrer noopener\">ISO\u00a017100:2015<\/a> dans le\u00a0domaine de la traduction, ce qui souligne notre engagement en mati\u00e8re de qualit\u00e9.<\/p>\n\n\n\n<p>Nous serions ravis de discuter de vos besoins en <strong><a title=\"Traduction\" href=\"http:\/\/www.commsmultilingual.com\/services\/translation\/\">traduction<\/a> multilingue, <a title=\"Composition\" href=\"http:\/\/www.commsmultilingual.com\/services\/design-and-multimedia\/typesetting\/\">PAO<\/a>, <a title=\"Voix-off et sous-titrage\" href=\"http:\/\/www.commsmultilingual.com\/services\/design-and-multimedia\/voice-overs-and-subtitling\/\">enregistrement vocal<\/a>, <a title=\"Services sp&#xE9;cialis&#xE9;s de validation linguistique\" href=\"http:\/\/www.commsmultilingual.com\/services\/specialist\/expert-services-for-translation-validation\/\">r\u00e9vision par un expert<\/a>, <a title=\"Localisation de sites Web\" href=\"http:\/\/www.commsmultilingual.com\/services\/translation\/website-localisation\/\">localisation de sites Internet<\/a><\/strong>, ainsi que des autres services que nous proposons.<\/p>\n\n\n\n<p>Veuillez consulter le <a href=\"https:\/\/www.commsmultilingual.com\/fr\/blog\/\">blog de Comms\u00a0Multilingual<\/a>\u00a0pour vous tenir au courant de nos derni\u00e8res actualit\u00e9s et mises \u00e0 jour.<\/p>\n\n<\/div>\n<\/div>","protected":false},"excerpt":{"rendered":"<p>Comms\u00a0Multilingual est une agence de traduction sp\u00e9cialis\u00e9e leader, bas\u00e9e au Royaume-Uni. Nous proposons des solutions linguistiques de haute qualit\u00e9 aux entreprises du monde entier.<\/p>\n","protected":false},"author":1,"featured_media":249434,"parent":0,"menu_order":0,"comment_status":"closed","ping_status":"closed","template":"","meta":{"footnotes":""},"class_list":["post-3939","page","type-page","status-publish","has-post-thumbnail"],"_links":{"self":[{"href":"https:\/\/www.commsmultilingual.com\/fr\/wp-json\/wp\/v2\/pages\/3939","targetHints":{"allow":["GET"]}}],"collection":[{"href":"https:\/\/www.commsmultilingual.com\/fr\/wp-json\/wp\/v2\/pages"}],"about":[{"href":"https:\/\/www.commsmultilingual.com\/fr\/wp-json\/wp\/v2\/types\/page"}],"author":[{"embeddable":true,"href":"https:\/\/www.commsmultilingual.com\/fr\/wp-json\/wp\/v2\/users\/1"}],"replies":[{"embeddable":true,"href":"https:\/\/www.commsmultilingual.com\/fr\/wp-json\/wp\/v2\/comments?post=3939"}],"version-history":[{"count":20,"href":"https:\/\/www.commsmultilingual.com\/fr\/wp-json\/wp\/v2\/pages\/3939\/revisions"}],"predecessor-version":[{"id":252796,"href":"https:\/\/www.commsmultilingual.com\/fr\/wp-json\/wp\/v2\/pages\/3939\/revisions\/252796"}],"wp:featuredmedia":[{"embeddable":true,"href":"https:\/\/www.commsmultilingual.com\/fr\/wp-json\/wp\/v2\/media\/249434"}],"wp:attachment":[{"href":"https:\/\/www.commsmultilingual.com\/fr\/wp-json\/wp\/v2\/media?parent=3939"}],"curies":[{"name":"wp","href":"https:\/\/api.w.org\/{rel}","templated":true}]}}